{"id":1398,"date":"2025-07-02T15:25:59","date_gmt":"2025-07-02T15:25:59","guid":{"rendered":"https:\/\/nanotech.sviluppokeyweb.com\/product\/thermo-coll\/"},"modified":"2025-07-02T15:25:59","modified_gmt":"2025-07-02T15:25:59","slug":"thermo-coll","status":"publish","type":"product","link":"https:\/\/nanotech.sviluppokeyweb.com\/fr\/produit\/thermo-coll\/","title":{"rendered":"THERMO-COLL"},"content":{"rendered":"<p class=\"p1\"><strong>Thermo-Coll<\/strong> \u00e8 un innovativo <strong>rasante in pasta certificato<\/strong>, con elevate propriet\u00e0 termoisolanti, utilizzabile <strong>su supporti edili verticali interni o esterni<\/strong> \u2013 come intonaci nuovi o gi\u00e0 pitturati \u2013 e materiali isolanti tipo EPS, tutti coesi e idoneamente preparati. Trova impiego nel <strong>trattamento delle facciate di edifici con problemi di spessori<\/strong>, in situazioni dove non \u00e8 possibile realizzare un sistema di isolamento a cappotto tradizionale (come facciate in centro storico in prossimit\u00e0 delle spallette delle finestre o sottobalconi), ed <strong>\u00e8 ideale per il ripristino e la manutenzione di vecchi sistemi a cappotto<\/strong>. \u00c8 possibile utilizzarlo anche in combinazione con materassini isolanti a basso spessore.<span class=\"Apple-converted-space\">\u00a0 <\/span><strong>Granulometrie disponibili: versione \u201cstandard\u201d 0,5-1 mm; versione fine 0,3 \u2013 0,7 mm<\/strong>.<\/p>\n<p class=\"p1\">Grazie alle sue caratteristiche, applicato dai 3 agli 8 mm secondo necessit\u00e0, crea <strong>un sottile strato isolante<\/strong> che permette di correggere i ponti termici, ridurre le dispersioni termiche, attenuare gli stress termici e meccanici dei materiali sottostanti, <strong>migliorare la trasmittanza termica<\/strong> (riduzione del valore U) <strong>e la fase di attenuazione<\/strong>.<\/p>\n","protected":false},"excerpt":{"rendered":"<p>Rasante in pasta con elevate propriet\u00e0 termoisolanti a base di Aerogel.<\/p>\n","protected":false},"featured_media":1400,"comment_status":"open","ping_status":"closed","template":"","meta":{"_acf_changed":false},"product_brand":[],"product_cat":[51],"product_tag":[],"class_list":{"0":"post-1398","1":"product","2":"type-product","3":"status-publish","4":"has-post-thumbnail","6":"product_cat-non-categorise","8":"first","9":"instock","10":"shipping-taxable","11":"product-type-simple"},"acf":[],"yoast_head":"<!-- This site is optimized with the Yoast SEO plugin v26.4 - https:\/\/yoast.com\/wordpress\/plugins\/seo\/ -->\n<title>THERMO-COLL - Nanotech Inside<\/title>\n<meta name=\"robots\" content=\"noindex, follow, max-snippet:-1, max-image-preview:large, max-video-preview:-1\" \/>\n<meta property=\"og:locale\" content=\"fr_FR\" \/>\n<meta property=\"og:type\" content=\"article\" \/>\n<meta property=\"og:title\" content=\"THERMO-COLL - Nanotech Inside\" \/>\n<meta property=\"og:description\" content=\"Rasante in pasta con elevate propriet\u00e0 termoisolanti a base di Aerogel.\" \/>\n<meta property=\"og:url\" content=\"https:\/\/nanotech.sviluppokeyweb.com\/fr\/produit\/thermo-coll\/\" \/>\n<meta property=\"og:site_name\" content=\"Nanotech Inside\" \/>\n<meta name=\"twitter:card\" content=\"summary_large_image\" \/>\n<meta name=\"twitter:label1\" content=\"Dur\u00e9e de lecture estim\u00e9e\" \/>\n\t<meta name=\"twitter:data1\" content=\"1 minute\" \/>\n<script type=\"application\/ld+json\" class=\"yoast-schema-graph\">{\"@context\":\"https:\/\/schema.org\",\"@graph\":[{\"@type\":\"WebPage\",\"@id\":\"https:\/\/nanotech.sviluppokeyweb.com\/fr\/produit\/thermo-coll\/\",\"url\":\"https:\/\/nanotech.sviluppokeyweb.com\/fr\/produit\/thermo-coll\/\",\"name\":\"THERMO-COLL - Nanotech Inside\",\"isPartOf\":{\"@id\":\"https:\/\/nanotech.sviluppokeyweb.com\/fr\/#website\"},\"primaryImageOfPage\":{\"@id\":\"https:\/\/nanotech.sviluppokeyweb.com\/fr\/produit\/thermo-coll\/#primaryimage\"},\"image\":{\"@id\":\"https:\/\/nanotech.sviluppokeyweb.com\/fr\/produit\/thermo-coll\/#primaryimage\"},\"thumbnailUrl\":\"https:\/\/nanotech.sviluppokeyweb.com\/wp-content\/uploads\/2025\/07\/thermocoll-esterni-interni.webp\",\"datePublished\":\"2025-07-02T15:25:59+00:00\",\"breadcrumb\":{\"@id\":\"https:\/\/nanotech.sviluppokeyweb.com\/fr\/produit\/thermo-coll\/#breadcrumb\"},\"inLanguage\":\"fr-FR\",\"potentialAction\":[{\"@type\":\"ReadAction\",\"target\":[\"https:\/\/nanotech.sviluppokeyweb.com\/fr\/produit\/thermo-coll\/\"]}]},{\"@type\":\"ImageObject\",\"inLanguage\":\"fr-FR\",\"@id\":\"https:\/\/nanotech.sviluppokeyweb.com\/fr\/produit\/thermo-coll\/#primaryimage\",\"url\":\"https:\/\/nanotech.sviluppokeyweb.com\/wp-content\/uploads\/2025\/07\/thermocoll-esterni-interni.webp\",\"contentUrl\":\"https:\/\/nanotech.sviluppokeyweb.com\/wp-content\/uploads\/2025\/07\/thermocoll-esterni-interni.webp\",\"width\":1300,\"height\":1300},{\"@type\":\"BreadcrumbList\",\"@id\":\"https:\/\/nanotech.sviluppokeyweb.com\/fr\/produit\/thermo-coll\/#breadcrumb\",\"itemListElement\":[{\"@type\":\"ListItem\",\"position\":1,\"name\":\"Home\",\"item\":\"https:\/\/nanotech.sviluppokeyweb.com\/fr\/\"},{\"@type\":\"ListItem\",\"position\":2,\"name\":\"Boutique\",\"item\":\"https:\/\/nanotech.sviluppokeyweb.com\/fr\/boutique\/\"},{\"@type\":\"ListItem\",\"position\":3,\"name\":\"THERMO-COLL\"}]},{\"@type\":\"WebSite\",\"@id\":\"https:\/\/nanotech.sviluppokeyweb.com\/fr\/#website\",\"url\":\"https:\/\/nanotech.sviluppokeyweb.com\/fr\/\",\"name\":\"Nanotech Inside\",\"description\":\"Abitare la differenza\",\"potentialAction\":[{\"@type\":\"SearchAction\",\"target\":{\"@type\":\"EntryPoint\",\"urlTemplate\":\"https:\/\/nanotech.sviluppokeyweb.com\/fr\/?s={search_term_string}\"},\"query-input\":{\"@type\":\"PropertyValueSpecification\",\"valueRequired\":true,\"valueName\":\"search_term_string\"}}],\"inLanguage\":\"fr-FR\"}]}<\/script>\n<!-- \/ Yoast SEO plugin. -->","yoast_head_json":{"title":"THERMO-COLL - Nanotech Inside","robots":{"index":"noindex","follow":"follow","max-snippet":"max-snippet:-1","max-image-preview":"max-image-preview:large","max-video-preview":"max-video-preview:-1"},"og_locale":"fr_FR","og_type":"article","og_title":"THERMO-COLL - Nanotech Inside","og_description":"Rasante in pasta con elevate propriet\u00e0 termoisolanti a base di Aerogel.","og_url":"https:\/\/nanotech.sviluppokeyweb.com\/fr\/produit\/thermo-coll\/","og_site_name":"Nanotech Inside","twitter_card":"summary_large_image","twitter_misc":{"Dur\u00e9e de lecture estim\u00e9e":"1 minute"},"schema":{"@context":"https:\/\/schema.org","@graph":[{"@type":"WebPage","@id":"https:\/\/nanotech.sviluppokeyweb.com\/fr\/produit\/thermo-coll\/","url":"https:\/\/nanotech.sviluppokeyweb.com\/fr\/produit\/thermo-coll\/","name":"THERMO-COLL - Nanotech Inside","isPartOf":{"@id":"https:\/\/nanotech.sviluppokeyweb.com\/fr\/#website"},"primaryImageOfPage":{"@id":"https:\/\/nanotech.sviluppokeyweb.com\/fr\/produit\/thermo-coll\/#primaryimage"},"image":{"@id":"https:\/\/nanotech.sviluppokeyweb.com\/fr\/produit\/thermo-coll\/#primaryimage"},"thumbnailUrl":"https:\/\/nanotech.sviluppokeyweb.com\/wp-content\/uploads\/2025\/07\/thermocoll-esterni-interni.webp","datePublished":"2025-07-02T15:25:59+00:00","breadcrumb":{"@id":"https:\/\/nanotech.sviluppokeyweb.com\/fr\/produit\/thermo-coll\/#breadcrumb"},"inLanguage":"fr-FR","potentialAction":[{"@type":"ReadAction","target":["https:\/\/nanotech.sviluppokeyweb.com\/fr\/produit\/thermo-coll\/"]}]},{"@type":"ImageObject","inLanguage":"fr-FR","@id":"https:\/\/nanotech.sviluppokeyweb.com\/fr\/produit\/thermo-coll\/#primaryimage","url":"https:\/\/nanotech.sviluppokeyweb.com\/wp-content\/uploads\/2025\/07\/thermocoll-esterni-interni.webp","contentUrl":"https:\/\/nanotech.sviluppokeyweb.com\/wp-content\/uploads\/2025\/07\/thermocoll-esterni-interni.webp","width":1300,"height":1300},{"@type":"BreadcrumbList","@id":"https:\/\/nanotech.sviluppokeyweb.com\/fr\/produit\/thermo-coll\/#breadcrumb","itemListElement":[{"@type":"ListItem","position":1,"name":"Home","item":"https:\/\/nanotech.sviluppokeyweb.com\/fr\/"},{"@type":"ListItem","position":2,"name":"Boutique","item":"https:\/\/nanotech.sviluppokeyweb.com\/fr\/boutique\/"},{"@type":"ListItem","position":3,"name":"THERMO-COLL"}]},{"@type":"WebSite","@id":"https:\/\/nanotech.sviluppokeyweb.com\/fr\/#website","url":"https:\/\/nanotech.sviluppokeyweb.com\/fr\/","name":"Nanotech Inside","description":"Abitare la differenza","potentialAction":[{"@type":"SearchAction","target":{"@type":"EntryPoint","urlTemplate":"https:\/\/nanotech.sviluppokeyweb.com\/fr\/?s={search_term_string}"},"query-input":{"@type":"PropertyValueSpecification","valueRequired":true,"valueName":"search_term_string"}}],"inLanguage":"fr-FR"}]}},"_links":{"self":[{"href":"https:\/\/nanotech.sviluppokeyweb.com\/fr\/wp-json\/wp\/v2\/product\/1398","targetHints":{"allow":["GET"]}}],"collection":[{"href":"https:\/\/nanotech.sviluppokeyweb.com\/fr\/wp-json\/wp\/v2\/product"}],"about":[{"href":"https:\/\/nanotech.sviluppokeyweb.com\/fr\/wp-json\/wp\/v2\/types\/product"}],"replies":[{"embeddable":true,"href":"https:\/\/nanotech.sviluppokeyweb.com\/fr\/wp-json\/wp\/v2\/comments?post=1398"}],"wp:featuredmedia":[{"embeddable":true,"href":"https:\/\/nanotech.sviluppokeyweb.com\/fr\/wp-json\/wp\/v2\/media\/1400"}],"wp:attachment":[{"href":"https:\/\/nanotech.sviluppokeyweb.com\/fr\/wp-json\/wp\/v2\/media?parent=1398"}],"wp:term":[{"taxonomy":"product_brand","embeddable":true,"href":"https:\/\/nanotech.sviluppokeyweb.com\/fr\/wp-json\/wp\/v2\/product_brand?post=1398"},{"taxonomy":"product_cat","embeddable":true,"href":"https:\/\/nanotech.sviluppokeyweb.com\/fr\/wp-json\/wp\/v2\/product_cat?post=1398"},{"taxonomy":"product_tag","embeddable":true,"href":"https:\/\/nanotech.sviluppokeyweb.com\/fr\/wp-json\/wp\/v2\/product_tag?post=1398"}],"curies":[{"name":"wp","href":"https:\/\/api.w.org\/{rel}","templated":true}]}}