{"id":1368,"date":"2025-07-03T08:07:06","date_gmt":"2025-07-03T08:07:06","guid":{"rendered":"https:\/\/nanotech.sviluppokeyweb.com\/product\/thermo-paint\/"},"modified":"2025-07-03T08:07:06","modified_gmt":"2025-07-03T08:07:06","slug":"thermo-paint","status":"publish","type":"product","link":"https:\/\/nanotech.sviluppokeyweb.com\/fr\/produit\/thermo-paint\/","title":{"rendered":"THERMO-PAINT"},"content":{"rendered":"<p class=\"p1\"><strong>Thermo-Paint<\/strong> trova impiego in edilizia come <strong>idropittura<\/strong> <strong>altamente performante per interni<\/strong>. \u00c8<span class=\"Apple-converted-space\">\u00a0 <\/span>un prodotto formulato grazie all\u2019impiego di tecnologie avanzate e <strong>speciali nano-cariche che riducono la dispersione di energia attraverso le pareti<\/strong>, contribuendo all\u2019ottimizzazione energetica degli edifici. La pittura favorisce la riduzione dei problemi derivanti dai ponti termici, come ad esempio la formazione di condensa e di muffa. La presenza di <strong>nanoparticelle d\u2019argento<\/strong> in formulazione dona alla pittura <strong>propriet\u00e0 antibatteriche<\/strong>.<\/p>\n<p class=\"p1\">Grazie alla formulazione a base di nanotecnologia, Thermo-Paint applicato all\u2019interno, <strong>permette al fresco generato dei sistemi di raffrescamento di uniformarsi e mantenersi pi\u00f9 a lungo negli ambienti<\/strong>, in\u00a0fase estiva, mentre nella\u00a0stagione invernale\u00a0il\u00a0calore\u00a0generato dal riscaldamento permane pi\u00f9 a lungo all\u2019interno dell\u2019edificio.<\/p>\n<p class=\"p1\"><span class=\"s1\">Il basso quantitativo di composti organici volatili (VOC)\u00a0e <strong>l\u2019assenza di formaldeide<\/strong>, <\/span>contribuisce alla sensazione di benessere e comfort all\u2019interno degli ambienti. <strong>THERMO-PAINT migliora la qualit\u00e0 dell\u2019aria all\u2019interno degli ambienti (I.A.Q.)<\/strong>.<\/p>\n<p class=\"p1\"><strong>THERMO-PAINT \u00e8 certificata in classe A+<\/strong> per le emissioni in aria interna, secondo la <strong>norma EN ISO 16000-9<\/strong>, come pittura antimuffa per interni secondo la <strong>norma UNI EN 15457-2014<\/strong> e in Classe 1 di lavabilit\u00e0, secondo la <strong>norma UNI EN ISO 11998:2006<\/strong>.<\/p>\n<p class=\"p1\"><strong>\u00c8 disponibile in colore bianco e tinte pastello<\/strong>.<\/p>\n<h1 class=\"p1\"><b>In un\u2019ora respiriamo pi\u00f9 di 900 volte. <\/b>Meglio riflettere su ci\u00f2 che inaliamo in ambienti interni.<b><\/b><\/h1>\n<p class=\"p1\">Trascorriamo quasi il 90% della nostra vita in ambienti confinanti (indoor) in cui sono presenti le maggiori sostanze inquinanti \u2013 superiori dalle 5 alle 10 volte in rapporto all\u2019aria esterna.<\/p>\n<p class=\"p1\"><span class=\"s2\"><strong>I\u00a0VOC<\/strong> \u2013 composti organici volatili\u00a0totali \u2013 sono composti chimici formati da molecole di vario genere caratterizzate dalla volatilit\u00e0, ci\u00f2 dalla capacit\u00e0 di evaporare facilmente nell\u2019aria a temperatura ambiente causando un peggioramento della qualit\u00e0 dell\u2019aria all\u2019interno degli edifici. Un TVOC particolarmente dannoso \u00e8 la formaldeide. <\/span><\/p>\n<p class=\"p3\"><span class=\"s1\">La certificazione A+ coinvolge differenti tipologie di prodotti che rilasciano VOC: pavimenti, pareti, soffitti, moquette, vernici, intonaci, mobili, porte, finestre, prodotti per pulizia, ecc..<\/span><\/p>\n","protected":false},"excerpt":{"rendered":"<p>Idropittura altamente performante per interni traspirante, nanotecnologica con elevata resistenza alla proliferazione di funghi e batteri. Riduce le dispersioni di energia attraverso le pareti.<\/p>\n","protected":false},"featured_media":1370,"comment_status":"open","ping_status":"closed","template":"","meta":{"_acf_changed":false},"product_brand":[],"product_cat":[51],"product_tag":[],"class_list":{"0":"post-1368","1":"product","2":"type-product","3":"status-publish","4":"has-post-thumbnail","6":"product_cat-non-categorise","8":"first","9":"instock","10":"shipping-taxable","11":"product-type-simple"},"acf":[],"yoast_head":"<!-- This site is optimized with the Yoast SEO plugin v26.4 - https:\/\/yoast.com\/wordpress\/plugins\/seo\/ -->\n<title>THERMO-PAINT - Nanotech Inside<\/title>\n<meta name=\"robots\" content=\"noindex, follow, max-snippet:-1, max-image-preview:large, max-video-preview:-1\" \/>\n<meta property=\"og:locale\" content=\"fr_FR\" \/>\n<meta property=\"og:type\" content=\"article\" \/>\n<meta property=\"og:title\" content=\"THERMO-PAINT - Nanotech Inside\" \/>\n<meta property=\"og:description\" content=\"Idropittura altamente performante per interni traspirante, nanotecnologica con elevata resistenza alla proliferazione di funghi e batteri. Riduce le dispersioni di energia attraverso le pareti.\" \/>\n<meta property=\"og:url\" content=\"https:\/\/nanotech.sviluppokeyweb.com\/fr\/produit\/thermo-paint\/\" \/>\n<meta property=\"og:site_name\" content=\"Nanotech Inside\" \/>\n<meta name=\"twitter:card\" content=\"summary_large_image\" \/>\n<meta name=\"twitter:label1\" content=\"Dur\u00e9e de lecture estim\u00e9e\" \/>\n\t<meta name=\"twitter:data1\" content=\"2 minutes\" \/>\n<script type=\"application\/ld+json\" class=\"yoast-schema-graph\">{\"@context\":\"https:\/\/schema.org\",\"@graph\":[{\"@type\":\"WebPage\",\"@id\":\"https:\/\/nanotech.sviluppokeyweb.com\/fr\/produit\/thermo-paint\/\",\"url\":\"https:\/\/nanotech.sviluppokeyweb.com\/fr\/produit\/thermo-paint\/\",\"name\":\"THERMO-PAINT - Nanotech Inside\",\"isPartOf\":{\"@id\":\"https:\/\/nanotech.sviluppokeyweb.com\/fr\/#website\"},\"primaryImageOfPage\":{\"@id\":\"https:\/\/nanotech.sviluppokeyweb.com\/fr\/produit\/thermo-paint\/#primaryimage\"},\"image\":{\"@id\":\"https:\/\/nanotech.sviluppokeyweb.com\/fr\/produit\/thermo-paint\/#primaryimage\"},\"thumbnailUrl\":\"https:\/\/nanotech.sviluppokeyweb.com\/wp-content\/uploads\/2025\/07\/thermopaintinterni.webp\",\"datePublished\":\"2025-07-03T08:07:06+00:00\",\"breadcrumb\":{\"@id\":\"https:\/\/nanotech.sviluppokeyweb.com\/fr\/produit\/thermo-paint\/#breadcrumb\"},\"inLanguage\":\"fr-FR\",\"potentialAction\":[{\"@type\":\"ReadAction\",\"target\":[\"https:\/\/nanotech.sviluppokeyweb.com\/fr\/produit\/thermo-paint\/\"]}]},{\"@type\":\"ImageObject\",\"inLanguage\":\"fr-FR\",\"@id\":\"https:\/\/nanotech.sviluppokeyweb.com\/fr\/produit\/thermo-paint\/#primaryimage\",\"url\":\"https:\/\/nanotech.sviluppokeyweb.com\/wp-content\/uploads\/2025\/07\/thermopaintinterni.webp\",\"contentUrl\":\"https:\/\/nanotech.sviluppokeyweb.com\/wp-content\/uploads\/2025\/07\/thermopaintinterni.webp\",\"width\":1300,\"height\":1300},{\"@type\":\"BreadcrumbList\",\"@id\":\"https:\/\/nanotech.sviluppokeyweb.com\/fr\/produit\/thermo-paint\/#breadcrumb\",\"itemListElement\":[{\"@type\":\"ListItem\",\"position\":1,\"name\":\"Home\",\"item\":\"https:\/\/nanotech.sviluppokeyweb.com\/fr\/\"},{\"@type\":\"ListItem\",\"position\":2,\"name\":\"Boutique\",\"item\":\"https:\/\/nanotech.sviluppokeyweb.com\/fr\/boutique\/\"},{\"@type\":\"ListItem\",\"position\":3,\"name\":\"THERMO-PAINT\"}]},{\"@type\":\"WebSite\",\"@id\":\"https:\/\/nanotech.sviluppokeyweb.com\/fr\/#website\",\"url\":\"https:\/\/nanotech.sviluppokeyweb.com\/fr\/\",\"name\":\"Nanotech Inside\",\"description\":\"Abitare la differenza\",\"potentialAction\":[{\"@type\":\"SearchAction\",\"target\":{\"@type\":\"EntryPoint\",\"urlTemplate\":\"https:\/\/nanotech.sviluppokeyweb.com\/fr\/?s={search_term_string}\"},\"query-input\":{\"@type\":\"PropertyValueSpecification\",\"valueRequired\":true,\"valueName\":\"search_term_string\"}}],\"inLanguage\":\"fr-FR\"}]}<\/script>\n<!-- \/ Yoast SEO plugin. -->","yoast_head_json":{"title":"THERMO-PAINT - Nanotech Inside","robots":{"index":"noindex","follow":"follow","max-snippet":"max-snippet:-1","max-image-preview":"max-image-preview:large","max-video-preview":"max-video-preview:-1"},"og_locale":"fr_FR","og_type":"article","og_title":"THERMO-PAINT - Nanotech Inside","og_description":"Idropittura altamente performante per interni traspirante, nanotecnologica con elevata resistenza alla proliferazione di funghi e batteri. Riduce le dispersioni di energia attraverso le pareti.","og_url":"https:\/\/nanotech.sviluppokeyweb.com\/fr\/produit\/thermo-paint\/","og_site_name":"Nanotech Inside","twitter_card":"summary_large_image","twitter_misc":{"Dur\u00e9e de lecture estim\u00e9e":"2 minutes"},"schema":{"@context":"https:\/\/schema.org","@graph":[{"@type":"WebPage","@id":"https:\/\/nanotech.sviluppokeyweb.com\/fr\/produit\/thermo-paint\/","url":"https:\/\/nanotech.sviluppokeyweb.com\/fr\/produit\/thermo-paint\/","name":"THERMO-PAINT - Nanotech Inside","isPartOf":{"@id":"https:\/\/nanotech.sviluppokeyweb.com\/fr\/#website"},"primaryImageOfPage":{"@id":"https:\/\/nanotech.sviluppokeyweb.com\/fr\/produit\/thermo-paint\/#primaryimage"},"image":{"@id":"https:\/\/nanotech.sviluppokeyweb.com\/fr\/produit\/thermo-paint\/#primaryimage"},"thumbnailUrl":"https:\/\/nanotech.sviluppokeyweb.com\/wp-content\/uploads\/2025\/07\/thermopaintinterni.webp","datePublished":"2025-07-03T08:07:06+00:00","breadcrumb":{"@id":"https:\/\/nanotech.sviluppokeyweb.com\/fr\/produit\/thermo-paint\/#breadcrumb"},"inLanguage":"fr-FR","potentialAction":[{"@type":"ReadAction","target":["https:\/\/nanotech.sviluppokeyweb.com\/fr\/produit\/thermo-paint\/"]}]},{"@type":"ImageObject","inLanguage":"fr-FR","@id":"https:\/\/nanotech.sviluppokeyweb.com\/fr\/produit\/thermo-paint\/#primaryimage","url":"https:\/\/nanotech.sviluppokeyweb.com\/wp-content\/uploads\/2025\/07\/thermopaintinterni.webp","contentUrl":"https:\/\/nanotech.sviluppokeyweb.com\/wp-content\/uploads\/2025\/07\/thermopaintinterni.webp","width":1300,"height":1300},{"@type":"BreadcrumbList","@id":"https:\/\/nanotech.sviluppokeyweb.com\/fr\/produit\/thermo-paint\/#breadcrumb","itemListElement":[{"@type":"ListItem","position":1,"name":"Home","item":"https:\/\/nanotech.sviluppokeyweb.com\/fr\/"},{"@type":"ListItem","position":2,"name":"Boutique","item":"https:\/\/nanotech.sviluppokeyweb.com\/fr\/boutique\/"},{"@type":"ListItem","position":3,"name":"THERMO-PAINT"}]},{"@type":"WebSite","@id":"https:\/\/nanotech.sviluppokeyweb.com\/fr\/#website","url":"https:\/\/nanotech.sviluppokeyweb.com\/fr\/","name":"Nanotech Inside","description":"Abitare la differenza","potentialAction":[{"@type":"SearchAction","target":{"@type":"EntryPoint","urlTemplate":"https:\/\/nanotech.sviluppokeyweb.com\/fr\/?s={search_term_string}"},"query-input":{"@type":"PropertyValueSpecification","valueRequired":true,"valueName":"search_term_string"}}],"inLanguage":"fr-FR"}]}},"_links":{"self":[{"href":"https:\/\/nanotech.sviluppokeyweb.com\/fr\/wp-json\/wp\/v2\/product\/1368","targetHints":{"allow":["GET"]}}],"collection":[{"href":"https:\/\/nanotech.sviluppokeyweb.com\/fr\/wp-json\/wp\/v2\/product"}],"about":[{"href":"https:\/\/nanotech.sviluppokeyweb.com\/fr\/wp-json\/wp\/v2\/types\/product"}],"replies":[{"embeddable":true,"href":"https:\/\/nanotech.sviluppokeyweb.com\/fr\/wp-json\/wp\/v2\/comments?post=1368"}],"wp:featuredmedia":[{"embeddable":true,"href":"https:\/\/nanotech.sviluppokeyweb.com\/fr\/wp-json\/wp\/v2\/media\/1370"}],"wp:attachment":[{"href":"https:\/\/nanotech.sviluppokeyweb.com\/fr\/wp-json\/wp\/v2\/media?parent=1368"}],"wp:term":[{"taxonomy":"product_brand","embeddable":true,"href":"https:\/\/nanotech.sviluppokeyweb.com\/fr\/wp-json\/wp\/v2\/product_brand?post=1368"},{"taxonomy":"product_cat","embeddable":true,"href":"https:\/\/nanotech.sviluppokeyweb.com\/fr\/wp-json\/wp\/v2\/product_cat?post=1368"},{"taxonomy":"product_tag","embeddable":true,"href":"https:\/\/nanotech.sviluppokeyweb.com\/fr\/wp-json\/wp\/v2\/product_tag?post=1368"}],"curies":[{"name":"wp","href":"https:\/\/api.w.org\/{rel}","templated":true}]}}